{"id":1472,"date":"2024-09-10T16:40:33","date_gmt":"2024-09-10T16:40:33","guid":{"rendered":"https:\/\/www.ibew-fioe2228.ca\/?page_id=1472"},"modified":"2024-09-10T18:10:54","modified_gmt":"2024-09-10T18:10:54","slug":"le-comite-des-femmes-de-la-section-locale-2228-de-la-fioe","status":"publish","type":"page","link":"https:\/\/www.ibew-fioe2228.ca\/fr\/le-comite-des-femmes-de-la-section-locale-2228-de-la-fioe\/","title":{"rendered":"Le comit\u00e9 des femmes de la section locale 2228 de la FIOE"},"content":{"rendered":"<p><img decoding=\"async\" class=\"alignnone size-medium wp-image-1462\" src=\"https:\/\/www.ibew-fioe2228.ca\/wp-content\/uploads\/2024\/09\/Engligh-Logo-No-Background-300x288.png\" alt=\"\" width=\"300\" height=\"288\" srcset=\"https:\/\/www.ibew-fioe2228.ca\/wp-content\/uploads\/2024\/09\/Engligh-Logo-No-Background-200x192.png 200w, https:\/\/www.ibew-fioe2228.ca\/wp-content\/uploads\/2024\/09\/Engligh-Logo-No-Background-300x288.png 300w, https:\/\/www.ibew-fioe2228.ca\/wp-content\/uploads\/2024\/09\/Engligh-Logo-No-Background-400x384.png 400w, https:\/\/www.ibew-fioe2228.ca\/wp-content\/uploads\/2024\/09\/Engligh-Logo-No-Background-600x576.png 600w, https:\/\/www.ibew-fioe2228.ca\/wp-content\/uploads\/2024\/09\/Engligh-Logo-No-Background-768x737.png 768w, https:\/\/www.ibew-fioe2228.ca\/wp-content\/uploads\/2024\/09\/Engligh-Logo-No-Background-800x767.png 800w, https:\/\/www.ibew-fioe2228.ca\/wp-content\/uploads\/2024\/09\/Engligh-Logo-No-Background-1024x982.png 1024w, https:\/\/www.ibew-fioe2228.ca\/wp-content\/uploads\/2024\/09\/Engligh-Logo-No-Background-1200x1151.png 1200w, https:\/\/www.ibew-fioe2228.ca\/wp-content\/uploads\/2024\/09\/Engligh-Logo-No-Background-1536x1474.png 1536w\" sizes=\"(max-width: 300px) 100vw, 300px\" \/><\/p>\n<p id=\"tw-target-text\" class=\"tw-data-text tw-text-large tw-ta\" dir=\"ltr\" data-placeholder=\"Translation\" aria-label=\"Translated text\" data-ved=\"2ahUKEwinrMmj-biIAxWzGVkFHUhtECUQ3ewLegQIBxAU\"><span class=\"Y2IQFc\" lang=\"fr\">Merci de votre int\u00e9r\u00eat pour le comit\u00e9 des femmes de la section locale 2228 de la FIOE. Pour plus d\u2019informations sur ce que nous faisons, veuillez consulter notre FAQ\u00a0:<\/span><\/p>\n<p dir=\"ltr\" data-placeholder=\"Translation\" aria-label=\"Translated text\" data-ved=\"2ahUKEwinrMmj-biIAxWzGVkFHUhtECUQ3ewLegQIBxAU\"><a href=\"https:\/\/www.ibew-fioe2228.ca\/wp-content\/uploads\/2024\/05\/FAQs-for-distribution-fr.docx\">FAQ&rsquo;s for distribution-fr<\/a><\/p>\n<p dir=\"ltr\" data-placeholder=\"Translation\" aria-label=\"Translated text\" data-ved=\"2ahUKEwinrMmj-biIAxWzGVkFHUhtECUQ3ewLegQIBxAU\">Pour plus d&rsquo;informations, veuillez contacter womenscommittee@ibew2228.ca.<\/p>\n","protected":false},"excerpt":{"rendered":"<p>Merci de votre int\u00e9r\u00eat pour le comit\u00e9 des femmes de  [&#8230;]<\/p>\n","protected":false},"author":40,"featured_media":745,"parent":0,"menu_order":0,"comment_status":"closed","ping_status":"closed","template":"100-width.php","meta":{"_acf_changed":false,"footnotes":""},"class_list":["post-1472","page","type-page","status-publish","has-post-thumbnail","hentry"],"acf":[],"yoast_head":"<!-- This site is optimized with the Yoast SEO plugin v27.5 - https:\/\/yoast.com\/product\/yoast-seo-wordpress\/ -->\n<title>Le comit\u00e9 des femmes de la section locale 2228 de la FIOE - IBEW-FIOE 2228<\/title>\n<meta name=\"description\" content=\"Merci de votre int\u00e9r\u00eat pour le comit\u00e9 des femmes de la section locale 2228 de la FIOE. Pour plus d\u2019informations sur ce que nous faisons, veuillez\" \/>\n<meta name=\"robots\" content=\"index, follow, max-snippet:-1, max-image-preview:large, max-video-preview:-1\" \/>\n<link rel=\"canonical\" href=\"https:\/\/www.ibew-fioe2228.ca\/fr\/le-comite-des-femmes-de-la-section-locale-2228-de-la-fioe\/\" \/>\n<meta property=\"og:locale\" content=\"fr_FR\" \/>\n<meta property=\"og:type\" content=\"article\" \/>\n<meta property=\"og:title\" content=\"Le comit\u00e9 des femmes de la section locale 2228 de la FIOE - IBEW-FIOE 2228\" \/>\n<meta property=\"og:description\" content=\"Merci de votre int\u00e9r\u00eat pour le comit\u00e9 des femmes de la section locale 2228 de la FIOE. Pour plus d\u2019informations sur ce que nous faisons, veuillez\" \/>\n<meta property=\"og:url\" content=\"https:\/\/www.ibew-fioe2228.ca\/fr\/le-comite-des-femmes-de-la-section-locale-2228-de-la-fioe\/\" \/>\n<meta property=\"og:site_name\" content=\"IBEW-FIOE 2228\" \/>\n<meta property=\"article:modified_time\" content=\"2024-09-10T18:10:54+00:00\" \/>\n<meta property=\"og:image\" content=\"https:\/\/www.ibew-fioe2228.ca\/wp-content\/uploads\/2023\/05\/5_banniere.jpg\" \/>\n\t<meta property=\"og:image:width\" content=\"1920\" \/>\n\t<meta property=\"og:image:height\" content=\"797\" \/>\n\t<meta property=\"og:image:type\" content=\"image\/jpeg\" \/>\n<meta name=\"twitter:card\" content=\"summary_large_image\" \/>\n<meta name=\"twitter:label1\" content=\"Dur\u00e9e de lecture estim\u00e9e\" \/>\n\t<meta name=\"twitter:data1\" content=\"1 minute\" \/>\n<script type=\"application\/ld+json\" class=\"yoast-schema-graph\">{\"@context\":\"https:\\\/\\\/schema.org\",\"@graph\":[{\"@type\":\"WebPage\",\"@id\":\"https:\\\/\\\/www.ibew-fioe2228.ca\\\/fr\\\/le-comite-des-femmes-de-la-section-locale-2228-de-la-fioe\\\/\",\"url\":\"https:\\\/\\\/www.ibew-fioe2228.ca\\\/fr\\\/le-comite-des-femmes-de-la-section-locale-2228-de-la-fioe\\\/\",\"name\":\"Le comit\u00e9 des femmes de la section locale 2228 de la FIOE - IBEW-FIOE 2228\",\"isPartOf\":{\"@id\":\"https:\\\/\\\/www.ibew-fioe2228.ca\\\/#website\"},\"primaryImageOfPage\":{\"@id\":\"https:\\\/\\\/www.ibew-fioe2228.ca\\\/fr\\\/le-comite-des-femmes-de-la-section-locale-2228-de-la-fioe\\\/#primaryimage\"},\"image\":{\"@id\":\"https:\\\/\\\/www.ibew-fioe2228.ca\\\/fr\\\/le-comite-des-femmes-de-la-section-locale-2228-de-la-fioe\\\/#primaryimage\"},\"thumbnailUrl\":\"https:\\\/\\\/www.ibew-fioe2228.ca\\\/wp-content\\\/uploads\\\/2023\\\/05\\\/5_banniere.jpg\",\"datePublished\":\"2024-09-10T16:40:33+00:00\",\"dateModified\":\"2024-09-10T18:10:54+00:00\",\"description\":\"Merci de votre int\u00e9r\u00eat pour le comit\u00e9 des femmes de la section locale 2228 de la FIOE. Pour plus d\u2019informations sur ce que nous faisons, veuillez\",\"breadcrumb\":{\"@id\":\"https:\\\/\\\/www.ibew-fioe2228.ca\\\/fr\\\/le-comite-des-femmes-de-la-section-locale-2228-de-la-fioe\\\/#breadcrumb\"},\"inLanguage\":\"fr-FR\",\"potentialAction\":[{\"@type\":\"ReadAction\",\"target\":[\"https:\\\/\\\/www.ibew-fioe2228.ca\\\/fr\\\/le-comite-des-femmes-de-la-section-locale-2228-de-la-fioe\\\/\"]}]},{\"@type\":\"ImageObject\",\"inLanguage\":\"fr-FR\",\"@id\":\"https:\\\/\\\/www.ibew-fioe2228.ca\\\/fr\\\/le-comite-des-femmes-de-la-section-locale-2228-de-la-fioe\\\/#primaryimage\",\"url\":\"https:\\\/\\\/www.ibew-fioe2228.ca\\\/wp-content\\\/uploads\\\/2023\\\/05\\\/5_banniere.jpg\",\"contentUrl\":\"https:\\\/\\\/www.ibew-fioe2228.ca\\\/wp-content\\\/uploads\\\/2023\\\/05\\\/5_banniere.jpg\",\"width\":1920,\"height\":797},{\"@type\":\"BreadcrumbList\",\"@id\":\"https:\\\/\\\/www.ibew-fioe2228.ca\\\/fr\\\/le-comite-des-femmes-de-la-section-locale-2228-de-la-fioe\\\/#breadcrumb\",\"itemListElement\":[{\"@type\":\"ListItem\",\"position\":1,\"name\":\"Home\",\"item\":\"https:\\\/\\\/www.ibew-fioe2228.ca\\\/fr\\\/\"},{\"@type\":\"ListItem\",\"position\":2,\"name\":\"Le comit\u00e9 des femmes de la section locale 2228 de la FIOE\"}]},{\"@type\":\"WebSite\",\"@id\":\"https:\\\/\\\/www.ibew-fioe2228.ca\\\/#website\",\"url\":\"https:\\\/\\\/www.ibew-fioe2228.ca\\\/\",\"name\":\"IBEW-FIOE 2228\",\"description\":\"\",\"publisher\":{\"@id\":\"https:\\\/\\\/www.ibew-fioe2228.ca\\\/#organization\"},\"potentialAction\":[{\"@type\":\"SearchAction\",\"target\":{\"@type\":\"EntryPoint\",\"urlTemplate\":\"https:\\\/\\\/www.ibew-fioe2228.ca\\\/?s={search_term_string}\"},\"query-input\":{\"@type\":\"PropertyValueSpecification\",\"valueRequired\":true,\"valueName\":\"search_term_string\"}}],\"inLanguage\":\"fr-FR\"},{\"@type\":\"Organization\",\"@id\":\"https:\\\/\\\/www.ibew-fioe2228.ca\\\/#organization\",\"name\":\"IBEW-FIOE 2228\",\"url\":\"https:\\\/\\\/www.ibew-fioe2228.ca\\\/\",\"logo\":{\"@type\":\"ImageObject\",\"inLanguage\":\"fr-FR\",\"@id\":\"https:\\\/\\\/www.ibew-fioe2228.ca\\\/#\\\/schema\\\/logo\\\/image\\\/\",\"url\":\"https:\\\/\\\/www.ibew-fioe2228.ca\\\/wp-content\\\/uploads\\\/2023\\\/01\\\/logo-1.png\",\"contentUrl\":\"https:\\\/\\\/www.ibew-fioe2228.ca\\\/wp-content\\\/uploads\\\/2023\\\/01\\\/logo-1.png\",\"width\":125,\"height\":78,\"caption\":\"IBEW-FIOE 2228\"},\"image\":{\"@id\":\"https:\\\/\\\/www.ibew-fioe2228.ca\\\/#\\\/schema\\\/logo\\\/image\\\/\"}}]}<\/script>\n<!-- \/ Yoast SEO plugin. -->","yoast_head_json":{"title":"Le comit\u00e9 des femmes de la section locale 2228 de la FIOE - IBEW-FIOE 2228","description":"Merci de votre int\u00e9r\u00eat pour le comit\u00e9 des femmes de la section locale 2228 de la FIOE. Pour plus d\u2019informations sur ce que nous faisons, veuillez","robots":{"index":"index","follow":"follow","max-snippet":"max-snippet:-1","max-image-preview":"max-image-preview:large","max-video-preview":"max-video-preview:-1"},"canonical":"https:\/\/www.ibew-fioe2228.ca\/fr\/le-comite-des-femmes-de-la-section-locale-2228-de-la-fioe\/","og_locale":"fr_FR","og_type":"article","og_title":"Le comit\u00e9 des femmes de la section locale 2228 de la FIOE - IBEW-FIOE 2228","og_description":"Merci de votre int\u00e9r\u00eat pour le comit\u00e9 des femmes de la section locale 2228 de la FIOE. Pour plus d\u2019informations sur ce que nous faisons, veuillez","og_url":"https:\/\/www.ibew-fioe2228.ca\/fr\/le-comite-des-femmes-de-la-section-locale-2228-de-la-fioe\/","og_site_name":"IBEW-FIOE 2228","article_modified_time":"2024-09-10T18:10:54+00:00","og_image":[{"width":1920,"height":797,"url":"https:\/\/www.ibew-fioe2228.ca\/wp-content\/uploads\/2023\/05\/5_banniere.jpg","type":"image\/jpeg"}],"twitter_card":"summary_large_image","twitter_misc":{"Dur\u00e9e de lecture estim\u00e9e":"1 minute"},"schema":{"@context":"https:\/\/schema.org","@graph":[{"@type":"WebPage","@id":"https:\/\/www.ibew-fioe2228.ca\/fr\/le-comite-des-femmes-de-la-section-locale-2228-de-la-fioe\/","url":"https:\/\/www.ibew-fioe2228.ca\/fr\/le-comite-des-femmes-de-la-section-locale-2228-de-la-fioe\/","name":"Le comit\u00e9 des femmes de la section locale 2228 de la FIOE - IBEW-FIOE 2228","isPartOf":{"@id":"https:\/\/www.ibew-fioe2228.ca\/#website"},"primaryImageOfPage":{"@id":"https:\/\/www.ibew-fioe2228.ca\/fr\/le-comite-des-femmes-de-la-section-locale-2228-de-la-fioe\/#primaryimage"},"image":{"@id":"https:\/\/www.ibew-fioe2228.ca\/fr\/le-comite-des-femmes-de-la-section-locale-2228-de-la-fioe\/#primaryimage"},"thumbnailUrl":"https:\/\/www.ibew-fioe2228.ca\/wp-content\/uploads\/2023\/05\/5_banniere.jpg","datePublished":"2024-09-10T16:40:33+00:00","dateModified":"2024-09-10T18:10:54+00:00","description":"Merci de votre int\u00e9r\u00eat pour le comit\u00e9 des femmes de la section locale 2228 de la FIOE. Pour plus d\u2019informations sur ce que nous faisons, veuillez","breadcrumb":{"@id":"https:\/\/www.ibew-fioe2228.ca\/fr\/le-comite-des-femmes-de-la-section-locale-2228-de-la-fioe\/#breadcrumb"},"inLanguage":"fr-FR","potentialAction":[{"@type":"ReadAction","target":["https:\/\/www.ibew-fioe2228.ca\/fr\/le-comite-des-femmes-de-la-section-locale-2228-de-la-fioe\/"]}]},{"@type":"ImageObject","inLanguage":"fr-FR","@id":"https:\/\/www.ibew-fioe2228.ca\/fr\/le-comite-des-femmes-de-la-section-locale-2228-de-la-fioe\/#primaryimage","url":"https:\/\/www.ibew-fioe2228.ca\/wp-content\/uploads\/2023\/05\/5_banniere.jpg","contentUrl":"https:\/\/www.ibew-fioe2228.ca\/wp-content\/uploads\/2023\/05\/5_banniere.jpg","width":1920,"height":797},{"@type":"BreadcrumbList","@id":"https:\/\/www.ibew-fioe2228.ca\/fr\/le-comite-des-femmes-de-la-section-locale-2228-de-la-fioe\/#breadcrumb","itemListElement":[{"@type":"ListItem","position":1,"name":"Home","item":"https:\/\/www.ibew-fioe2228.ca\/fr\/"},{"@type":"ListItem","position":2,"name":"Le comit\u00e9 des femmes de la section locale 2228 de la FIOE"}]},{"@type":"WebSite","@id":"https:\/\/www.ibew-fioe2228.ca\/#website","url":"https:\/\/www.ibew-fioe2228.ca\/","name":"IBEW-FIOE 2228","description":"","publisher":{"@id":"https:\/\/www.ibew-fioe2228.ca\/#organization"},"potentialAction":[{"@type":"SearchAction","target":{"@type":"EntryPoint","urlTemplate":"https:\/\/www.ibew-fioe2228.ca\/?s={search_term_string}"},"query-input":{"@type":"PropertyValueSpecification","valueRequired":true,"valueName":"search_term_string"}}],"inLanguage":"fr-FR"},{"@type":"Organization","@id":"https:\/\/www.ibew-fioe2228.ca\/#organization","name":"IBEW-FIOE 2228","url":"https:\/\/www.ibew-fioe2228.ca\/","logo":{"@type":"ImageObject","inLanguage":"fr-FR","@id":"https:\/\/www.ibew-fioe2228.ca\/#\/schema\/logo\/image\/","url":"https:\/\/www.ibew-fioe2228.ca\/wp-content\/uploads\/2023\/01\/logo-1.png","contentUrl":"https:\/\/www.ibew-fioe2228.ca\/wp-content\/uploads\/2023\/01\/logo-1.png","width":125,"height":78,"caption":"IBEW-FIOE 2228"},"image":{"@id":"https:\/\/www.ibew-fioe2228.ca\/#\/schema\/logo\/image\/"}}]}},"_links":{"self":[{"href":"https:\/\/www.ibew-fioe2228.ca\/fr\/wp-json\/wp\/v2\/pages\/1472","targetHints":{"allow":["GET"]}}],"collection":[{"href":"https:\/\/www.ibew-fioe2228.ca\/fr\/wp-json\/wp\/v2\/pages"}],"about":[{"href":"https:\/\/www.ibew-fioe2228.ca\/fr\/wp-json\/wp\/v2\/types\/page"}],"author":[{"embeddable":true,"href":"https:\/\/www.ibew-fioe2228.ca\/fr\/wp-json\/wp\/v2\/users\/40"}],"replies":[{"embeddable":true,"href":"https:\/\/www.ibew-fioe2228.ca\/fr\/wp-json\/wp\/v2\/comments?post=1472"}],"version-history":[{"count":1,"href":"https:\/\/www.ibew-fioe2228.ca\/fr\/wp-json\/wp\/v2\/pages\/1472\/revisions"}],"predecessor-version":[{"id":1473,"href":"https:\/\/www.ibew-fioe2228.ca\/fr\/wp-json\/wp\/v2\/pages\/1472\/revisions\/1473"}],"wp:featuredmedia":[{"embeddable":true,"href":"https:\/\/www.ibew-fioe2228.ca\/fr\/wp-json\/wp\/v2\/media\/745"}],"wp:attachment":[{"href":"https:\/\/www.ibew-fioe2228.ca\/fr\/wp-json\/wp\/v2\/media?parent=1472"}],"curies":[{"name":"wp","href":"https:\/\/api.w.org\/{rel}","templated":true}]}}