{"id":407,"date":"2023-01-13T09:22:31","date_gmt":"2023-01-13T09:22:31","guid":{"rendered":"https:\/\/ibew2228bpm.wpengine.com\/documents\/"},"modified":"2026-03-17T13:35:57","modified_gmt":"2026-03-17T13:35:57","slug":"bibliotheque","status":"publish","type":"page","link":"https:\/\/www.ibew-fioe2228.ca\/fr\/bibliotheque\/","title":{"rendered":"BIBLIOTH\u00c8QUE"},"content":{"rendered":"<div class=\"fusion-fullwidth fullwidth-box fusion-builder-row-1 fusion-flex-container has-pattern-background has-mask-background nonhundred-percent-fullwidth non-hundred-percent-height-scrolling\" style=\"--awb-border-radius-top-left:0px;--awb-border-radius-top-right:0px;--awb-border-radius-bottom-right:0px;--awb-border-radius-bottom-left:0px;--awb-flex-wrap:wrap;\" ><div class=\"fusion-builder-row fusion-row fusion-flex-align-items-flex-start fusion-flex-content-wrap\" style=\"max-width:1414.4px;margin-left: calc(-4% \/ 2 );margin-right: calc(-4% \/ 2 );\"><div class=\"fusion-layout-column fusion_builder_column fusion-builder-column-0 fusion_builder_column_1_1 1_1 fusion-flex-column\" style=\"--awb-bg-size:cover;--awb-width-large:100%;--awb-margin-top-large:0px;--awb-spacing-right-large:1.92%;--awb-margin-bottom-large:20px;--awb-spacing-left-large:1.92%;--awb-width-medium:100%;--awb-order-medium:0;--awb-spacing-right-medium:1.92%;--awb-spacing-left-medium:1.92%;--awb-width-small:100%;--awb-order-small:0;--awb-spacing-right-small:1.92%;--awb-spacing-left-small:1.92%;\"><div class=\"fusion-column-wrapper fusion-column-has-shadow fusion-flex-justify-content-flex-start fusion-content-layout-column\"><div class=\"fusion-text fusion-text-1\" style=\"--awb-font-size:30px;\"><p>Bienvenue dans notre cyberth\u00e8que. Cette section comporte de nombreux renseignements et documents utiles, afin que vous puissiez tirer pleinement avantage de votre adh\u00e9sion.<\/p>\n<\/div><div class=\"accordian fusion-accordian\" style=\"--awb-border-size:1px;--awb-icon-size:24px;--awb-content-font-size:16px;--awb-content-line-height:24px;--awb-icon-alignment:right;--awb-hover-color:var(--awb-color2);--awb-border-color:var(--awb-color3);--awb-background-color:var(--awb-color1);--awb-divider-color:#ffffff;--awb-divider-hover-color:var(--awb-color3);--awb-icon-color:var(--awb-color1);--awb-title-color:#ffffff;--awb-content-color:#444444;--awb-icon-box-color:var(--awb-color8);--awb-toggle-hover-accent-color:#ffffff;--awb-title-font-family:&quot;Montserrat&quot;;--awb-title-font-weight:700;--awb-title-font-style:normal;--awb-title-font-size:24px;--awb-title-line-height:26px;--awb-content-font-family:&quot;Quicksand&quot;;--awb-content-font-style:normal;--awb-content-font-weight:400;\" id=\"accordian_id\"><div class=\"panel-group fusion-toggle-icon-right fusion-toggle-icon-unboxed\" id=\"accordion-407-1\"><div class=\"fusion-panel panel-default panel-914124d3138583720 fusion-toggle-has-divider\" style=\"--awb-title-color:var(--awb-color8);--awb-content-color:var(--awb-color8);\"><div class=\"panel-heading\"><h4 class=\"panel-title toggle\" id=\"toggle_914124d3138583720\"><a aria-expanded=\"false\" aria-controls=\"914124d3138583720\" role=\"button\" data-toggle=\"collapse\" data-parent=\"#accordion-407-1\" data-target=\"#914124d3138583720\" href=\"#914124d3138583720\"><span class=\"fusion-toggle-icon-wrapper\" aria-hidden=\"true\"><i class=\"fa-fusion-box active-icon awb-icon-minus\" aria-hidden=\"true\"><\/i><i class=\"fa-fusion-box inactive-icon awb-icon-plus\" aria-hidden=\"true\"><\/i><\/span><span class=\"fusion-toggle-heading\">Formulaires et mod\u00e8les<\/span><\/a><\/h4><\/div><div id=\"914124d3138583720\" class=\"panel-collapse collapse \" aria-labelledby=\"toggle_914124d3138583720\"><div class=\"panel-body toggle-content fusion-clearfix\">\n<h4><strong>Formulaires d&rsquo;inscription<\/strong><\/h4>\n<ul>\n<li><strong><a href=\"\/wp-content\/uploads\/2023\/02\/Demande-de-RetraitAvec-Participation-04-14fr.pdf\" target=\"_blank\" rel=\"noopener\">Demande de Retrait avec Particpation<\/a><\/strong><\/li>\n<li><a href=\"https:\/\/www.ibew-fioe2228.ca\/wp-content\/uploads\/2026\/03\/Member_App_Benefits_Instructions_FR_2026.pdf\"><strong>Instructions pour l&rsquo;adh<b>\u00e9sion des members<\/b><\/strong><\/a><\/li>\n<li><strong><a href=\"\/wp-content\/uploads\/2023\/02\/OSH_Committee_Rep_fra.pdf\" target=\"_blank\" rel=\"noopener\">Formulaire de demande pour <b>\u00eatre repr\u00e9sentant du comit\u00e9 de SST<\/b><\/a><\/strong><\/li>\n<li><strong><a href=\"\/wp-content\/uploads\/2023\/02\/steward-application-form_0914_fra-1.pdf\" target=\"_blank\" rel=\"noopener\">Formulaire de demande pour <b>\u00eatre d\u00e9l\u00e9gu\u00e9 syndical<\/b><\/a><\/strong><\/li>\n<\/ul>\n<h4><strong>Plaintes et griefs<\/strong><\/h4>\n<ul>\n<li><strong><a href=\"\/wp-content\/uploads\/2023\/02\/grievance_presentation_brookfield_bil-1.pdf\" target=\"_blank\" rel=\"noopener\">Pr<b>\u00e9sentation d&rsquo;un Grief pour Evolugen<\/b><\/a><\/strong><\/li>\n<li><strong><a href=\"\/wp-content\/uploads\/2023\/02\/grievance-presentation-form-1.doc\" target=\"_blank\" rel=\"noopener\">Pr<b>\u00e9sentation d&rsquo;un Grief Nav Canada<\/b><\/a><\/strong><\/li>\n<li><strong><a href=\"\/wp-content\/uploads\/2023\/02\/grievance-presentation-form-tb-1.pdf\" target=\"_blank\" rel=\"noopener\">Pr<b>\u00e9sentation d&rsquo;un Grief pour le conseil du tr\u00e9sor<\/b><\/a><\/strong><\/li>\n<li><strong><a href=\"\/wp-content\/uploads\/2023\/02\/grievance-transmittal-form-fra.pdf\" target=\"_blank\" rel=\"noopener\">Formule de Transmission des Griefs<\/a><\/strong><\/li>\n<\/ul>\n<\/div><\/div><\/div><div class=\"fusion-panel panel-default panel-78d32abbdf5c66b55 fusion-toggle-has-divider\" style=\"--awb-title-color:var(--awb-color8);--awb-content-color:var(--awb-color8);\"><div class=\"panel-heading\"><h4 class=\"panel-title toggle\" id=\"toggle_78d32abbdf5c66b55\"><a aria-expanded=\"false\" aria-controls=\"78d32abbdf5c66b55\" role=\"button\" data-toggle=\"collapse\" data-parent=\"#accordion-407-1\" data-target=\"#78d32abbdf5c66b55\" href=\"#78d32abbdf5c66b55\"><span class=\"fusion-toggle-icon-wrapper\" aria-hidden=\"true\"><i class=\"fa-fusion-box active-icon awb-icon-minus\" aria-hidden=\"true\"><\/i><i class=\"fa-fusion-box inactive-icon awb-icon-plus\" aria-hidden=\"true\"><\/i><\/span><span class=\"fusion-toggle-heading\">Convention collective<\/span><\/a><\/h4><\/div><div id=\"78d32abbdf5c66b55\" class=\"panel-collapse collapse \" aria-labelledby=\"toggle_78d32abbdf5c66b55\"><div class=\"panel-body toggle-content fusion-clearfix\">\n<ul>\n<li><strong><a href=\"https:\/\/www.ibew-fioe2228.ca\/wp-content\/uploads\/2023\/07\/SCT-el-frale-31-aout-2026.pdf\" target=\"_blank\" rel=\"noopener\">SCT EL<\/a> \u2013 Exp. 31 Ao\u00fbt 2026<\/strong><\/li>\n<li><strong><a href=\"https:\/\/www.ibew-fioe2228.ca\/wp-content\/uploads\/2024\/11\/FINAL-V5-FIOE-2024-2028-V4-Convention-Collective.pdf\">Nav Canada<\/a> \u2013 Exp. 31 D\u00e9cembre 2028<\/strong><\/li>\n<li><strong><a href=\"\/wp-content\/uploads\/2023\/02\/CKUA-FINAL-CA-2021-1.pdf\" target=\"_blank\" rel=\"noopener\">CKUA<\/a> \u2013 Exp. 31 Ao\u00fbt 2023 (Anglais)<\/strong><\/li>\n<li><strong><a href=\"\/wp-content\/uploads\/2023\/02\/YP-IBEW-2022-2025-Collective-Agreement-1.pdf\" target=\"_blank\" rel=\"noopener\">Pages Jaunes<\/a> \u2013 Exp. 31 D\u00e9cembre 2025<\/strong> <strong>(Anglais)<\/strong><\/li>\n<li><strong><a href=\"https:\/\/www.ibew-fioe2228.ca\/wp-content\/uploads\/2023\/07\/Rogers-Agreement-Jan-1-2022-Dec-31-2025-IBEW-Signed.pdf\" target=\"_blank\" rel=\"noopener\">Rogers<\/a> \u2013 Exp. 31 D\u00e9cembre 2025<\/strong> <strong>(Anglais)<\/strong><\/li>\n<li><strong><a href=\"https:\/\/www.ibew-fioe2228.ca\/wp-content\/uploads\/2025\/10\/LPLP-Convention-collective-2025-2029-Fully-Executed-copy.pdf\" target=\"_blank\" rel=\"noopener\">Evolugen LaLievre<\/a> \u2013 Exp. 31 D\u00e9cembre 2029<\/strong><\/li>\n<li><strong><a href=\"https:\/\/www.ibew-fioe2228.ca\/wp-content\/uploads\/2023\/07\/Hydro-Pontiac-Services-Inc-_-Collective-Agreement-2021-2026-Final-partially-executed.pdf\" target=\"_blank\" rel=\"noopener\">Evolugen Pontiac<\/a> \u2013 Exp. 31 Janvier 2026 (Anglais)<\/strong><\/li>\n<li><strong><a href=\"https:\/\/www.ibew-fioe2228.ca\/wp-content\/uploads\/2023\/07\/CBA-Nasittuq-IBEW-LU-2228-01-April-2022-to-31-March-2029-Final-22-aug-202272.pdf\" target=\"_blank\" rel=\"noopener\">Nasittuq<\/a> \u2013 Exp. 31 Mars 2029 (Anglais)<\/strong><\/li>\n<li><a href=\"https:\/\/www.ibew-fioe2228.ca\/wp-content\/uploads\/2025\/10\/CDSL-Seismic-Cambridge-Bay-CBA-20-Aug-25-002-signed-by-PC.pdf\">Chugach Dynamic Solutions LLC (CDSL)<\/a> &#8211; <strong>Exp. 30 juin 2030 (Anglais)<\/strong><\/li>\n<\/ul>\n<\/div><\/div><\/div><div class=\"fusion-panel panel-default panel-582043830d58db209 fusion-toggle-has-divider\" style=\"--awb-title-color:var(--awb-color8);--awb-content-color:var(--awb-color8);\"><div class=\"panel-heading\"><h4 class=\"panel-title toggle\" id=\"toggle_582043830d58db209\"><a aria-expanded=\"false\" aria-controls=\"582043830d58db209\" role=\"button\" data-toggle=\"collapse\" data-parent=\"#accordion-407-1\" data-target=\"#582043830d58db209\" href=\"#582043830d58db209\"><span class=\"fusion-toggle-icon-wrapper\" aria-hidden=\"true\"><i class=\"fa-fusion-box active-icon awb-icon-minus\" aria-hidden=\"true\"><\/i><i class=\"fa-fusion-box inactive-icon awb-icon-plus\" aria-hidden=\"true\"><\/i><\/span><span class=\"fusion-toggle-heading\">Liens utiles<\/span><\/a><\/h4><\/div><div id=\"582043830d58db209\" class=\"panel-collapse collapse \" aria-labelledby=\"toggle_582043830d58db209\"><div class=\"panel-body toggle-content fusion-clearfix\">\n<ul>\n<li><strong><a href=\"https:\/\/pslreb-crtefp.gc.ca\/\" target=\"_blank\" rel=\"noopener\">Commission des relations de travail et de l\u2019emploi dans le secteur public f\u00e9d\u00e9ral<\/a><\/strong><\/li>\n<li><strong><a href=\"https:\/\/www.canada.ca\/fr\/secretariat-conseil-tresor.html\" target=\"_blank\" rel=\"noopener\">Secr\u00e9tariat du Conseil du Tr\u00e9sor du Canada<\/a><\/strong><\/li>\n<\/ul>\n<\/div><\/div><\/div><div class=\"fusion-panel panel-default panel-017025da34236bd6a fusion-toggle-has-divider\" style=\"--awb-title-color:var(--awb-color8);--awb-content-color:var(--awb-color8);\"><div class=\"panel-heading\"><h4 class=\"panel-title toggle\" id=\"toggle_017025da34236bd6a\"><a aria-expanded=\"false\" aria-controls=\"017025da34236bd6a\" role=\"button\" data-toggle=\"collapse\" data-parent=\"#accordion-407-1\" data-target=\"#017025da34236bd6a\" href=\"#017025da34236bd6a\"><span class=\"fusion-toggle-icon-wrapper\" aria-hidden=\"true\"><i class=\"fa-fusion-box active-icon awb-icon-minus\" aria-hidden=\"true\"><\/i><i class=\"fa-fusion-box inactive-icon awb-icon-plus\" aria-hidden=\"true\"><\/i><\/span><span class=\"fusion-toggle-heading\">Conditions de travail<\/span><\/a><\/h4><\/div><div id=\"017025da34236bd6a\" class=\"panel-collapse collapse \" aria-labelledby=\"toggle_017025da34236bd6a\"><div class=\"panel-body toggle-content fusion-clearfix\">\n<h4>Evolugen<\/h4>\n<ul>\n<li><a href=\"https:\/\/www.ibew-fioe2228.ca\/wp-content\/uploads\/2023\/02\/MEMOIRE-dENTENTE-V2-Brookfield.pdf\">MEMOIRE dENTENTE V2 Brookfield<\/a><\/li>\n<\/ul>\n<h4><strong>CKUA<\/strong><\/h4>\n<h4><strong>Conseil Du Tr\u00e9sor<\/strong><\/h4>\n<h4>GRC<\/h4>\n<ul>\n<li><strong><a href=\"\/wp-content\/uploads\/2023\/02\/IBEW-Mesure-dassouplissment-applicables-au-membres-civils.pdf\" target=\"_blank\" rel=\"noopener\">IBEW Mesure d&rsquo;assouplissment applicables au membres civils<\/a><\/strong><\/li>\n<li><strong><a href=\"\/wp-content\/uploads\/2023\/02\/MOA-for-transition-measures-fr_.pdf\" target=\"_blank\" rel=\"noopener\">MOA for transition measures fr_<\/a><\/strong><\/li>\n<\/ul>\n<h4>Nasittuq<\/h4>\n<h4><strong>NAV Canada<\/strong><\/h4>\n<h4><strong>Rogers<\/strong><\/h4>\n<h4><strong>Yellow Pages<\/strong><\/h4>\n<\/div><\/div><\/div><div class=\"fusion-panel panel-default panel-609a1acae9b424735 fusion-toggle-has-divider\" style=\"--awb-title-color:var(--awb-color8);--awb-content-color:var(--awb-color8);\"><div class=\"panel-heading\"><h4 class=\"panel-title toggle\" id=\"toggle_609a1acae9b424735\"><a aria-expanded=\"false\" aria-controls=\"609a1acae9b424735\" role=\"button\" data-toggle=\"collapse\" data-parent=\"#accordion-407-1\" data-target=\"#609a1acae9b424735\" href=\"#609a1acae9b424735\"><span class=\"fusion-toggle-icon-wrapper\" aria-hidden=\"true\"><i class=\"fa-fusion-box active-icon awb-icon-minus\" aria-hidden=\"true\"><\/i><i class=\"fa-fusion-box inactive-icon awb-icon-plus\" aria-hidden=\"true\"><\/i><\/span><span class=\"fusion-toggle-heading\">Distinctions<\/span><\/a><\/h4><\/div><div id=\"609a1acae9b424735\" class=\"panel-collapse collapse \" aria-labelledby=\"toggle_609a1acae9b424735\"><div class=\"panel-body toggle-content fusion-clearfix\">\n<p>&nbsp;<\/p>\n<ul>\n<li><strong><a href=\"\/wp-content\/uploads\/2023\/02\/OUTSTANDING-STEWARDSHIP-AWARDS-RECIPIENTS-1.pdf\" target=\"_blank\" rel=\"noopener\">Liste des laur<b>\u00e9ats du prix d\u00e9l\u00e9gu\u00e9s exceptionelles<\/b><\/a><\/strong><\/li>\n<\/ul>\n<\/div><\/div><\/div><div class=\"fusion-panel panel-default panel-71fd33ecdf4bd5861 fusion-toggle-has-divider\" style=\"--awb-title-color:var(--awb-color8);--awb-content-color:var(--awb-color8);\"><div class=\"panel-heading\"><h4 class=\"panel-title toggle\" id=\"toggle_71fd33ecdf4bd5861\"><a aria-expanded=\"false\" aria-controls=\"71fd33ecdf4bd5861\" role=\"button\" data-toggle=\"collapse\" data-parent=\"#accordion-407-1\" data-target=\"#71fd33ecdf4bd5861\" href=\"#71fd33ecdf4bd5861\"><span class=\"fusion-toggle-icon-wrapper\" aria-hidden=\"true\"><i class=\"fa-fusion-box active-icon awb-icon-minus\" aria-hidden=\"true\"><\/i><i class=\"fa-fusion-box inactive-icon awb-icon-plus\" aria-hidden=\"true\"><\/i><\/span><span class=\"fusion-toggle-heading\">Autres documents<\/span><\/a><\/h4><\/div><div id=\"71fd33ecdf4bd5861\" class=\"panel-collapse collapse \" aria-labelledby=\"toggle_71fd33ecdf4bd5861\"><div class=\"panel-body toggle-content fusion-clearfix\">\n<ul>\n<li><a href=\"https:\/\/www.ibew-fioe2228.ca\/wp-content\/uploads\/2023\/02\/Catch-Up-MOA-with-signature-page-EF.pdf\">CLAUSE DE RATTRAPAGE<\/a><\/li>\n<li><a href=\"https:\/\/www.ibew-fioe2228.ca\/wp-content\/uploads\/2023\/02\/IBEW-FR-MOU-Signed-13-December-2021.pdf\">Protocole d&rsquo;entente entre le Conseil du Tr\u00e9sor du Canada et la FIOE sign\u00e9 le 13 d\u00e9cembre 2021<\/a><\/li>\n<\/ul>\n<\/div><\/div><\/div><\/div><\/div><\/div><\/div><\/div><\/div>\n","protected":false},"excerpt":{"rendered":"","protected":false},"author":1,"featured_media":743,"parent":0,"menu_order":0,"comment_status":"closed","ping_status":"closed","template":"100-width.php","meta":{"_acf_changed":false,"footnotes":""},"class_list":["post-407","page","type-page","status-publish","has-post-thumbnail","hentry"],"acf":[],"yoast_head":"<!-- This site is optimized with the Yoast SEO plugin v27.3 - https:\/\/yoast.com\/product\/yoast-seo-wordpress\/ -->\n<title>BIBLIOTH\u00c8QUE - IBEW-FIOE 2228<\/title>\n<meta name=\"robots\" content=\"index, follow, max-snippet:-1, max-image-preview:large, max-video-preview:-1\" \/>\n<link rel=\"canonical\" href=\"https:\/\/www.ibew-fioe2228.ca\/fr\/bibliotheque\/\" \/>\n<meta property=\"og:locale\" content=\"fr_FR\" \/>\n<meta property=\"og:type\" content=\"article\" \/>\n<meta property=\"og:title\" content=\"BIBLIOTH\u00c8QUE - IBEW-FIOE 2228\" \/>\n<meta property=\"og:url\" content=\"https:\/\/www.ibew-fioe2228.ca\/fr\/bibliotheque\/\" \/>\n<meta property=\"og:site_name\" content=\"IBEW-FIOE 2228\" \/>\n<meta property=\"article:modified_time\" content=\"2026-03-17T13:35:57+00:00\" \/>\n<meta property=\"og:image\" content=\"https:\/\/www.ibew-fioe2228.ca\/wp-content\/uploads\/2023\/05\/3_banniere.jpg\" \/>\n\t<meta property=\"og:image:width\" content=\"1920\" \/>\n\t<meta property=\"og:image:height\" content=\"797\" \/>\n\t<meta property=\"og:image:type\" content=\"image\/jpeg\" \/>\n<meta name=\"twitter:card\" content=\"summary_large_image\" \/>\n<meta name=\"twitter:label1\" content=\"Dur\u00e9e de lecture estim\u00e9e\" \/>\n\t<meta name=\"twitter:data1\" content=\"2 minutes\" \/>\n<script type=\"application\/ld+json\" class=\"yoast-schema-graph\">{\"@context\":\"https:\\\/\\\/schema.org\",\"@graph\":[{\"@type\":\"WebPage\",\"@id\":\"https:\\\/\\\/www.ibew-fioe2228.ca\\\/fr\\\/bibliotheque\\\/\",\"url\":\"https:\\\/\\\/www.ibew-fioe2228.ca\\\/fr\\\/bibliotheque\\\/\",\"name\":\"BIBLIOTH\u00c8QUE - IBEW-FIOE 2228\",\"isPartOf\":{\"@id\":\"https:\\\/\\\/www.ibew-fioe2228.ca\\\/#website\"},\"primaryImageOfPage\":{\"@id\":\"https:\\\/\\\/www.ibew-fioe2228.ca\\\/fr\\\/bibliotheque\\\/#primaryimage\"},\"image\":{\"@id\":\"https:\\\/\\\/www.ibew-fioe2228.ca\\\/fr\\\/bibliotheque\\\/#primaryimage\"},\"thumbnailUrl\":\"https:\\\/\\\/www.ibew-fioe2228.ca\\\/wp-content\\\/uploads\\\/2023\\\/05\\\/3_banniere.jpg\",\"datePublished\":\"2023-01-13T09:22:31+00:00\",\"dateModified\":\"2026-03-17T13:35:57+00:00\",\"breadcrumb\":{\"@id\":\"https:\\\/\\\/www.ibew-fioe2228.ca\\\/fr\\\/bibliotheque\\\/#breadcrumb\"},\"inLanguage\":\"fr-FR\",\"potentialAction\":[{\"@type\":\"ReadAction\",\"target\":[\"https:\\\/\\\/www.ibew-fioe2228.ca\\\/fr\\\/bibliotheque\\\/\"]}]},{\"@type\":\"ImageObject\",\"inLanguage\":\"fr-FR\",\"@id\":\"https:\\\/\\\/www.ibew-fioe2228.ca\\\/fr\\\/bibliotheque\\\/#primaryimage\",\"url\":\"https:\\\/\\\/www.ibew-fioe2228.ca\\\/wp-content\\\/uploads\\\/2023\\\/05\\\/3_banniere.jpg\",\"contentUrl\":\"https:\\\/\\\/www.ibew-fioe2228.ca\\\/wp-content\\\/uploads\\\/2023\\\/05\\\/3_banniere.jpg\",\"width\":1920,\"height\":797},{\"@type\":\"BreadcrumbList\",\"@id\":\"https:\\\/\\\/www.ibew-fioe2228.ca\\\/fr\\\/bibliotheque\\\/#breadcrumb\",\"itemListElement\":[{\"@type\":\"ListItem\",\"position\":1,\"name\":\"Home\",\"item\":\"https:\\\/\\\/www.ibew-fioe2228.ca\\\/fr\\\/\"},{\"@type\":\"ListItem\",\"position\":2,\"name\":\"BIBLIOTH\u00c8QUE\"}]},{\"@type\":\"WebSite\",\"@id\":\"https:\\\/\\\/www.ibew-fioe2228.ca\\\/#website\",\"url\":\"https:\\\/\\\/www.ibew-fioe2228.ca\\\/\",\"name\":\"IBEW-FIOE 2228\",\"description\":\"\",\"publisher\":{\"@id\":\"https:\\\/\\\/www.ibew-fioe2228.ca\\\/#organization\"},\"potentialAction\":[{\"@type\":\"SearchAction\",\"target\":{\"@type\":\"EntryPoint\",\"urlTemplate\":\"https:\\\/\\\/www.ibew-fioe2228.ca\\\/?s={search_term_string}\"},\"query-input\":{\"@type\":\"PropertyValueSpecification\",\"valueRequired\":true,\"valueName\":\"search_term_string\"}}],\"inLanguage\":\"fr-FR\"},{\"@type\":\"Organization\",\"@id\":\"https:\\\/\\\/www.ibew-fioe2228.ca\\\/#organization\",\"name\":\"IBEW-FIOE 2228\",\"url\":\"https:\\\/\\\/www.ibew-fioe2228.ca\\\/\",\"logo\":{\"@type\":\"ImageObject\",\"inLanguage\":\"fr-FR\",\"@id\":\"https:\\\/\\\/www.ibew-fioe2228.ca\\\/#\\\/schema\\\/logo\\\/image\\\/\",\"url\":\"https:\\\/\\\/www.ibew-fioe2228.ca\\\/wp-content\\\/uploads\\\/2023\\\/01\\\/logo-1.png\",\"contentUrl\":\"https:\\\/\\\/www.ibew-fioe2228.ca\\\/wp-content\\\/uploads\\\/2023\\\/01\\\/logo-1.png\",\"width\":125,\"height\":78,\"caption\":\"IBEW-FIOE 2228\"},\"image\":{\"@id\":\"https:\\\/\\\/www.ibew-fioe2228.ca\\\/#\\\/schema\\\/logo\\\/image\\\/\"}}]}<\/script>\n<!-- \/ Yoast SEO plugin. -->","yoast_head_json":{"title":"BIBLIOTH\u00c8QUE - IBEW-FIOE 2228","robots":{"index":"index","follow":"follow","max-snippet":"max-snippet:-1","max-image-preview":"max-image-preview:large","max-video-preview":"max-video-preview:-1"},"canonical":"https:\/\/www.ibew-fioe2228.ca\/fr\/bibliotheque\/","og_locale":"fr_FR","og_type":"article","og_title":"BIBLIOTH\u00c8QUE - IBEW-FIOE 2228","og_url":"https:\/\/www.ibew-fioe2228.ca\/fr\/bibliotheque\/","og_site_name":"IBEW-FIOE 2228","article_modified_time":"2026-03-17T13:35:57+00:00","og_image":[{"width":1920,"height":797,"url":"https:\/\/www.ibew-fioe2228.ca\/wp-content\/uploads\/2023\/05\/3_banniere.jpg","type":"image\/jpeg"}],"twitter_card":"summary_large_image","twitter_misc":{"Dur\u00e9e de lecture estim\u00e9e":"2 minutes"},"schema":{"@context":"https:\/\/schema.org","@graph":[{"@type":"WebPage","@id":"https:\/\/www.ibew-fioe2228.ca\/fr\/bibliotheque\/","url":"https:\/\/www.ibew-fioe2228.ca\/fr\/bibliotheque\/","name":"BIBLIOTH\u00c8QUE - IBEW-FIOE 2228","isPartOf":{"@id":"https:\/\/www.ibew-fioe2228.ca\/#website"},"primaryImageOfPage":{"@id":"https:\/\/www.ibew-fioe2228.ca\/fr\/bibliotheque\/#primaryimage"},"image":{"@id":"https:\/\/www.ibew-fioe2228.ca\/fr\/bibliotheque\/#primaryimage"},"thumbnailUrl":"https:\/\/www.ibew-fioe2228.ca\/wp-content\/uploads\/2023\/05\/3_banniere.jpg","datePublished":"2023-01-13T09:22:31+00:00","dateModified":"2026-03-17T13:35:57+00:00","breadcrumb":{"@id":"https:\/\/www.ibew-fioe2228.ca\/fr\/bibliotheque\/#breadcrumb"},"inLanguage":"fr-FR","potentialAction":[{"@type":"ReadAction","target":["https:\/\/www.ibew-fioe2228.ca\/fr\/bibliotheque\/"]}]},{"@type":"ImageObject","inLanguage":"fr-FR","@id":"https:\/\/www.ibew-fioe2228.ca\/fr\/bibliotheque\/#primaryimage","url":"https:\/\/www.ibew-fioe2228.ca\/wp-content\/uploads\/2023\/05\/3_banniere.jpg","contentUrl":"https:\/\/www.ibew-fioe2228.ca\/wp-content\/uploads\/2023\/05\/3_banniere.jpg","width":1920,"height":797},{"@type":"BreadcrumbList","@id":"https:\/\/www.ibew-fioe2228.ca\/fr\/bibliotheque\/#breadcrumb","itemListElement":[{"@type":"ListItem","position":1,"name":"Home","item":"https:\/\/www.ibew-fioe2228.ca\/fr\/"},{"@type":"ListItem","position":2,"name":"BIBLIOTH\u00c8QUE"}]},{"@type":"WebSite","@id":"https:\/\/www.ibew-fioe2228.ca\/#website","url":"https:\/\/www.ibew-fioe2228.ca\/","name":"IBEW-FIOE 2228","description":"","publisher":{"@id":"https:\/\/www.ibew-fioe2228.ca\/#organization"},"potentialAction":[{"@type":"SearchAction","target":{"@type":"EntryPoint","urlTemplate":"https:\/\/www.ibew-fioe2228.ca\/?s={search_term_string}"},"query-input":{"@type":"PropertyValueSpecification","valueRequired":true,"valueName":"search_term_string"}}],"inLanguage":"fr-FR"},{"@type":"Organization","@id":"https:\/\/www.ibew-fioe2228.ca\/#organization","name":"IBEW-FIOE 2228","url":"https:\/\/www.ibew-fioe2228.ca\/","logo":{"@type":"ImageObject","inLanguage":"fr-FR","@id":"https:\/\/www.ibew-fioe2228.ca\/#\/schema\/logo\/image\/","url":"https:\/\/www.ibew-fioe2228.ca\/wp-content\/uploads\/2023\/01\/logo-1.png","contentUrl":"https:\/\/www.ibew-fioe2228.ca\/wp-content\/uploads\/2023\/01\/logo-1.png","width":125,"height":78,"caption":"IBEW-FIOE 2228"},"image":{"@id":"https:\/\/www.ibew-fioe2228.ca\/#\/schema\/logo\/image\/"}}]}},"_links":{"self":[{"href":"https:\/\/www.ibew-fioe2228.ca\/fr\/wp-json\/wp\/v2\/pages\/407","targetHints":{"allow":["GET"]}}],"collection":[{"href":"https:\/\/www.ibew-fioe2228.ca\/fr\/wp-json\/wp\/v2\/pages"}],"about":[{"href":"https:\/\/www.ibew-fioe2228.ca\/fr\/wp-json\/wp\/v2\/types\/page"}],"author":[{"embeddable":true,"href":"https:\/\/www.ibew-fioe2228.ca\/fr\/wp-json\/wp\/v2\/users\/1"}],"replies":[{"embeddable":true,"href":"https:\/\/www.ibew-fioe2228.ca\/fr\/wp-json\/wp\/v2\/comments?post=407"}],"version-history":[{"count":35,"href":"https:\/\/www.ibew-fioe2228.ca\/fr\/wp-json\/wp\/v2\/pages\/407\/revisions"}],"predecessor-version":[{"id":2608,"href":"https:\/\/www.ibew-fioe2228.ca\/fr\/wp-json\/wp\/v2\/pages\/407\/revisions\/2608"}],"wp:featuredmedia":[{"embeddable":true,"href":"https:\/\/www.ibew-fioe2228.ca\/fr\/wp-json\/wp\/v2\/media\/743"}],"wp:attachment":[{"href":"https:\/\/www.ibew-fioe2228.ca\/fr\/wp-json\/wp\/v2\/media?parent=407"}],"curies":[{"name":"wp","href":"https:\/\/api.w.org\/{rel}","templated":true}]}}